{"id":75,"date":"2021-04-15T08:25:29","date_gmt":"2021-04-15T08:25:29","guid":{"rendered":"https:\/\/centrobsb.pt\/site\/?page_id=75"},"modified":"2021-04-18T09:23:35","modified_gmt":"2021-04-18T09:23:35","slug":"visao","status":"publish","type":"page","link":"https:\/\/centrobsb.pt\/site\/inicio\/visao\/","title":{"rendered":"Vis\u00e3o"},"content":{"rendered":"<p>&#8211; Assumir um papel relevante na organiza\u00e7\u00e3o, gest\u00e3o, execu\u00e7\u00e3o acompanhar e avalia\u00e7\u00e3o da forma\u00e7\u00e3o, visando sempre a melhoria.<\/p>\n<p>&#8211; Contribuir para o desenvolvimento de compet\u00eancias gerais e espec\u00edficas dos profissionais da educa\u00e7\u00e3o, sempre em articula\u00e7\u00e3o com a implementa\u00e7\u00e3o de pol\u00edticas educativas estruturantes e emergentes.<\/p>\n<p>&#8211; Promover pr\u00e1ticas docentes que contribuam para a melhoria dos resultados escolares e educativos dos alunos e a melhoria do clima das escolas, tendo em vista uma escola mais inclusiva.<\/p>\n<p>&#8211; Contribuir para a capacita\u00e7\u00e3o das escolas, tornando-as autorreflexivas e aprendentes, capazes de gerir a sua pr\u00f3pria melhoria organizacional.<\/p>\n","protected":false},"excerpt":{"rendered":"<p>&#8211; Assumir um papel relevante na organiza\u00e7\u00e3o, gest\u00e3o, execu\u00e7\u00e3o acompanhar e avalia\u00e7\u00e3o da forma\u00e7\u00e3o, visando sempre a melhoria. &#8211; Contribuir para o desenvolvimento de compet\u00eancias gerais e espec\u00edficas dos profissionais &hellip; <\/p>\n","protected":false},"author":1,"featured_media":0,"parent":136,"menu_order":0,"comment_status":"closed","ping_status":"closed","template":"","meta":{"footnotes":""},"class_list":["post-75","page","type-page","status-publish","hentry"],"_links":{"self":[{"href":"https:\/\/centrobsb.pt\/site\/wp-json\/wp\/v2\/pages\/75","targetHints":{"allow":["GET"]}}],"collection":[{"href":"https:\/\/centrobsb.pt\/site\/wp-json\/wp\/v2\/pages"}],"about":[{"href":"https:\/\/centrobsb.pt\/site\/wp-json\/wp\/v2\/types\/page"}],"author":[{"embeddable":true,"href":"https:\/\/centrobsb.pt\/site\/wp-json\/wp\/v2\/users\/1"}],"replies":[{"embeddable":true,"href":"https:\/\/centrobsb.pt\/site\/wp-json\/wp\/v2\/comments?post=75"}],"version-history":[{"count":1,"href":"https:\/\/centrobsb.pt\/site\/wp-json\/wp\/v2\/pages\/75\/revisions"}],"predecessor-version":[{"id":76,"href":"https:\/\/centrobsb.pt\/site\/wp-json\/wp\/v2\/pages\/75\/revisions\/76"}],"up":[{"embeddable":true,"href":"https:\/\/centrobsb.pt\/site\/wp-json\/wp\/v2\/pages\/136"}],"wp:attachment":[{"href":"https:\/\/centrobsb.pt\/site\/wp-json\/wp\/v2\/media?parent=75"}],"curies":[{"name":"wp","href":"https:\/\/api.w.org\/{rel}","templated":true}]}}